{"id":90,"date":"2019-09-23T17:28:08","date_gmt":"2019-09-23T17:28:08","guid":{"rendered":"http:\/\/kultura.zawadzkie.pl\/?page_id=90"},"modified":"2025-10-22T06:59:24","modified_gmt":"2025-10-22T06:59:24","slug":"nasze-sekcje","status":"publish","type":"page","link":"https:\/\/kultura.zawadzkie.pl\/index.php\/nasze-sekcje\/","title":{"rendered":"Nasze sekcje"},"content":{"rendered":"<p><div class=\"fusion-bg-parallax\"  data-bg-align=\"center center\" data-direction=\"up\" data-mute=\"false\" data-opacity=\"100\" data-velocity=\"-0.3\" data-mobile-enabled=\"false\" data-break_parents=\"0\" data-bg-image=\"http:\/\/kultura.zawadzkie.pl\/wp-content\/uploads\/2019\/07\/home-background2.jpg\" data-bg-repeat=\"false\" data-bg-color=\"rgba(255,255,255,0)\" data-bg-height=\"\" data-bg-width=\"\"><\/div><div class=\"fusion-fullwidth fullwidth-box fusion-parallax-up nonhundred-percent-fullwidth non-hundred-percent-height-scrolling\"  style='background-color: rgba(255,255,255,0);background-image: url(\"http:\/\/kultura.zawadzkie.pl\/wp-content\/uploads\/2019\/07\/home-background2.jpg\");background-position: center center;background-repeat: no-repeat;padding-top:0px;padding-right:0px;padding-bottom:0px;padding-left:0px;-webkit-background-size:cover;-moz-background-size:cover;-o-background-size:cover;background-size:cover;'><div class=\"fusion-builder-row fusion-row \"><div  class=\"fusion-layout-column fusion_builder_column fusion_builder_column_1_1 fusion-builder-column-1 fusion-one-full fusion-column-first fusion-column-last 1_1\"  style='margin-top:0px;margin-bottom:20px;'>\n\t\t\t\t\t<div class=\"fusion-column-wrapper\" style=\"padding: 200px 0px 0px 0px;background-position:left top;background-repeat:no-repeat;-webkit-background-size:cover;-moz-background-size:cover;-o-background-size:cover;background-size:cover;\"   data-bg-url=\"\">\n\t\t\t\t\t\t<style type=\"text\/css\">@media only screen and (max-width:800px) {.fusion-title.fusion-title-1{margin-top:0px!important;margin-bottom:0px!important;}}<\/style><div class=\"fusion-title title fusion-title-1 fusion-sep-none fusion-title-size-one\" style=\"margin-top:0px;margin-bottom:0px;\"><h1 class=\"title-heading-left\" style=\"margin:0;color:#ffffff;\">Nasze sekcje<\/h1><\/div><div class=\"fusion-sep-clear\"><\/div><div class=\"fusion-separator sep-single sep-solid\" style=\"border-color:#ffffff;border-top-width:4px;margin-top:;margin-bottom:40px;width:100%;max-width:30px;\"><\/div><div class=\"fusion-clearfix\"><\/div>\n\n\t\t\t\t\t<\/div>\n\t\t\t\t<\/div><\/div><\/div><div id=\"ognisko-muzyczne\"><div class=\"fusion-fullwidth fullwidth-box nonhundred-percent-fullwidth non-hundred-percent-height-scrolling\"  style='background-color: rgba(255,255,255,0);background-position: center center;background-repeat: no-repeat;padding-top:0px;padding-right:0px;padding-bottom:0px;padding-left:0px;'><div class=\"fusion-builder-row fusion-row \"><div  class=\"fusion-layout-column fusion_builder_column fusion_builder_column_1_1 fusion-builder-column-2 fusion-one-full fusion-column-first fusion-column-last 1_1\"  style='margin-top:0px;margin-bottom:20px;'>\n\t\t\t\t\t<div class=\"fusion-column-wrapper\" style=\"padding: 0px 0px 0px 0px;background-position:left top;background-repeat:no-repeat;-webkit-background-size:cover;-moz-background-size:cover;-o-background-size:cover;background-size:cover;\"   data-bg-url=\"\">\n\t\t\t\t\t\t<div class=\"fusion-sep-clear\"><\/div><div class=\"fusion-separator sep-single sep-solid\" style=\"border-color:#ffffff;border-top-width:4px;margin-top:;margin-bottom:40px;width:100%;max-width:30px;\"><\/div><div class=\"fusion-title title fusion-title-2 fusion-sep-none fusion-title-center fusion-title-size-two\" style=\"margin-top:0px;margin-bottom:31px;\"><h2 class=\"title-heading-center\" style=\"margin:0;\"><p><img loading=\"lazy\" decoding=\"async\" class=\"alignnone size-full wp-image-192\" src=\"http:\/\/kultura.zawadzkie.pl\/wp-content\/uploads\/2019\/09\/ognisko-muzyczne-blue-1.png\" alt=\"\" width=\"36\" height=\"100\" \/><\/p>\n<p>Ognisko muzyczne \u201eMelodikon\u201d<\/p><\/h2><\/div><div class=\"fusion-text\"><p><strong>Ognisko Muzyczne w Zawadzkiem<\/strong> istnieje od momentu uruchomienia <strong>Zak\u0142adowego Domu Kultury przy hucie im. Karola \u015awierczewskiego<\/strong>. Pierwotnie pracowa\u0142o w strukturach <strong>Opolskiego Towarzystwa Muzycznego<\/strong>, a obecnie w strukturach BiK, prowadzone przez Stowarzyszenie Rozwoju i Upowszechniania Kultury <em>METANOYA<\/em> w Zawadzkiem.<\/p>\n<p>Proponujemy ch\u0119tnym nauk\u0119 gry na flecie prostym, flecie poprzecznym, fortepianie, gitarze klasycznej, tr\u0105bce, puzonie, klarnecie, saksofonie oraz perkusji. Nasi nauczyciele to muzycy z dyplomem <strong>Akademii Muzycznych<\/strong>. Uczniowie mog\u0105 przedstawia\u0107 efekty swojej pracy podczas koncert\u00f3w okazjonalnych, popis\u00f3w klasowych oraz w swoim gronie. Pracujemy solo i w zespo\u0142ach kameralnych, a za\u0142o\u017ceniem edukacji jest d\u0105\u017cenie do stworzenia <strong>m\u0142odzie\u017cowej orkiestry d\u0119tej<\/strong>. Dzi\u0119ki pozyskanym \u015brodkom stowarzyszenie <em>METANOYA<\/em> zakupi\u0142o instrumenty, kt\u00f3re mo\u017cna wypo\u017cycza\u0107 na pierwszy etap edukacji, przed podj\u0119ciem decyzji o zakupie w\u0142asnego.<\/p>\n<p>Zaj\u0119cia nauki gry na instrumentach odbywaj\u0105 si\u0119 w budynku <strong>Publicznej Szko\u0142y Podstawowej w Zawadzkiem<\/strong>.<\/p>\n<p>Terminy oraz godziny zaj\u0119\u0107 r\u00f3\u017cni\u0105 si\u0119 w zale\u017cno\u015bci od rodzaju wybranego instrumentu.<\/p>\n<p>Zapisy: <strong>77 403 14 03<\/strong><\/p>\n<\/div><div class=\"fusion-clearfix\"><\/div>\n\n\t\t\t\t\t<\/div>\n\t\t\t\t<\/div><\/div><\/div><\/div><div id=\"mazoretki-primavera\"><div class=\"fusion-fullwidth fullwidth-box nonhundred-percent-fullwidth non-hundred-percent-height-scrolling\"  style='background-color: rgba(255,255,255,0);background-position: center center;background-repeat: no-repeat;padding-top:0px;padding-right:0px;padding-bottom:0px;padding-left:0px;'><div class=\"fusion-builder-row fusion-row \"><div  class=\"fusion-layout-column fusion_builder_column fusion_builder_column_1_1 fusion-builder-column-3 fusion-one-full fusion-column-first fusion-column-last 1_1\"  style='margin-top:0px;margin-bottom:20px;'>\n\t\t\t\t\t<div class=\"fusion-column-wrapper\" style=\"padding: 0px 0px 0px 0px;background-position:left top;background-repeat:no-repeat;-webkit-background-size:cover;-moz-background-size:cover;-o-background-size:cover;background-size:cover;\"   data-bg-url=\"\">\n\t\t\t\t\t\t<div class=\"fusion-title title fusion-title-3 fusion-sep-none fusion-title-center fusion-title-size-two\" style=\"margin-top:0px;margin-bottom:31px;\"><h2 class=\"title-heading-center\" style=\"margin:0;\"><p><img loading=\"lazy\" decoding=\"async\" class=\"alignnone size-full wp-image-3616\" src=\"http:\/\/kultura.zawadzkie.pl\/wp-content\/uploads\/2025\/05\/SHOW-DANCE-blu-e1747224581274.png\" alt=\"\" width=\"100\" height=\"123\" \/><\/p>\n<p>Sekcja ta\u0144ca &#8222;Modern-Jazz&#8221;<\/p><\/h2><\/div><div class=\"fusion-text\"><p><b>Sekcja Ta\u0144ca &#8222;Modern-Jazz&#8221; <\/b>to nowo utworzona sekcja artystyczna dzia\u0142aj\u0105ca w naszych strukturach od roku 2025. Sekcj\u0119 prowadzi wykwalifikowana instruktorka ta\u0144ca Pani <strong>Karolina Szwejda z Akademii Ta\u0144ca &#8222;Aferka&#8221;.<\/strong><\/p>\n<p>Zaj\u0119cia odbywaj\u0105 si\u0119 w ka\u017cdy <strong>poniedzia\u0142ek:<\/strong><\/p>\n<div dir=\"auto\"><strong>16:00<\/strong> \u2013 dzieci 6-letnie<\/div>\n<div dir=\"auto\"><strong>17:00<\/strong> \u2013 dzieci 7\u20138 lat<\/div>\n<div dir=\"auto\"><strong>18:00<\/strong> \u2013 dzieci 9\u201312 lat<\/div>\n<p>Zapisy: <strong>77 403 14 03<\/strong><\/p>\n<\/div><div class=\"fusion-clearfix\"><\/div>\n\n\t\t\t\t\t<\/div>\n\t\t\t\t<\/div><\/div><\/div><\/div><div id=\"sekcja-plastyczna\"><div class=\"fusion-fullwidth fullwidth-box nonhundred-percent-fullwidth non-hundred-percent-height-scrolling\"  style='background-color: rgba(255,255,255,0);background-position: center center;background-repeat: no-repeat;padding-top:0px;padding-right:0px;padding-bottom:0px;padding-left:0px;'><div class=\"fusion-builder-row fusion-row \"><div  class=\"fusion-layout-column fusion_builder_column fusion_builder_column_1_1 fusion-builder-column-4 fusion-one-full fusion-column-first fusion-column-last 1_1\"  style='margin-top:0px;margin-bottom:20px;'>\n\t\t\t\t\t<div class=\"fusion-column-wrapper\" style=\"padding: 0px 0px 0px 0px;background-position:left top;background-repeat:no-repeat;-webkit-background-size:cover;-moz-background-size:cover;-o-background-size:cover;background-size:cover;\"   data-bg-url=\"\">\n\t\t\t\t\t\t<div class=\"fusion-title title fusion-title-4 fusion-sep-none fusion-title-center fusion-title-size-two\" style=\"margin-top:0px;margin-bottom:31px;\"><h2 class=\"title-heading-center\" style=\"margin:0;\"><p><img loading=\"lazy\" decoding=\"async\" class=\"alignnone size-full wp-image-195\" src=\"http:\/\/kultura.zawadzkie.pl\/wp-content\/uploads\/2019\/09\/kolo-plastyczne-blue.png\" alt=\"\" width=\"90\" height=\"100\" \/><\/p>\n<p>Sekcja plastyczna<\/p><\/h2><\/div><div class=\"fusion-text\"><p><strong>Sekcja plastyczna<\/strong> jest jedn\u0105 z podstawowych i najd\u0142u\u017cej dzia\u0142aj\u0105cych sekcji artystycznych w strukturach BiK. Instruktorem sekcji jest do\u015bwiadczona plastyczka <strong>Pani Bo\u017cena Wanat<\/strong>. Na zaj\u0119ciach uczestnicy ucz\u0105 si\u0119 r\u00f3\u017cnorodnych <strong>technik plastycznych<\/strong>, wyra\u017cania w\u0142asnej kreatywno\u015bci oraz wra\u017cliwo\u015bci artystycznej. W ramach zaj\u0119\u0107 organizowane s\u0105 r\u00f3wnie\u017c <strong>wystawy prac uczestnik\u00f3w<\/strong>.<\/p>\n<p>Zaj\u0119cia przeznaczone dla <strong>dzieci i m\u0142odzie\u017cy w wieku szkolnym<\/strong> odbywaj\u0105 si\u0119 w ka\u017cd\u0105 <strong>\u015brod\u0119 oraz pi\u0105tek <\/strong>o godzinie<strong> 17:00 <\/strong>w<strong> Kinoteatrze <\/strong>w Zawadzkiem.<\/p>\n<p>Zapisy: <strong>77 403 14 03<\/strong><\/p>\n<\/div><div class=\"fusion-clearfix\"><\/div>\n\n\t\t\t\t\t<\/div>\n\t\t\t\t<\/div><\/div><\/div><\/div><div id=\"sekcja-plastyczna\"><div class=\"fusion-fullwidth fullwidth-box nonhundred-percent-fullwidth non-hundred-percent-height-scrolling\"  style='background-color: rgba(255,255,255,0);background-position: center center;background-repeat: no-repeat;padding-top:0px;padding-right:0px;padding-bottom:0px;padding-left:0px;'><div class=\"fusion-builder-row fusion-row \"><div  class=\"fusion-layout-column fusion_builder_column fusion_builder_column_1_1 fusion-builder-column-5 fusion-one-full fusion-column-first fusion-column-last 1_1\"  style='margin-top:0px;margin-bottom:20px;'>\n\t\t\t\t\t<div class=\"fusion-column-wrapper\" style=\"padding: 0px 0px 0px 0px;background-position:left top;background-repeat:no-repeat;-webkit-background-size:cover;-moz-background-size:cover;-o-background-size:cover;background-size:cover;\"   data-bg-url=\"\">\n\t\t\t\t\t\t<div class=\"fusion-title title fusion-title-5 fusion-sep-none fusion-title-center fusion-title-size-two\" style=\"margin-top:0px;margin-bottom:31px;\"><h2 class=\"title-heading-center\" style=\"margin:0;\"><p><img loading=\"lazy\" decoding=\"async\" class=\"alignnone size-full wp-image-3617\" src=\"http:\/\/kultura.zawadzkie.pl\/wp-content\/uploads\/2025\/05\/SZACHY-blu-e1747224879233.png\" alt=\"\" width=\"48\" height=\"111\" \/><\/p>\n<p>Sekcja szachowa<\/p><\/h2><\/div><div class=\"fusion-text\"><p><strong>Sekcja szachowa\u00a0<\/strong>jest to nasza najm\u0142odsza sekcja kt\u00f3rej dzia\u0142alno\u015b\u0107 rozpocz\u0119li\u015bmy w 2024 roku. Sekcj\u0119 prowadzi znakomity szachista, pasjonat Pan <strong>Kamil Pali\u0144ski.<\/strong><\/p>\n<p>Zaj\u0119cia przeznaczone dla <strong>dzieci i m\u0142odzie\u017cy w wieku szkolnym<\/strong> odbywaj\u0105 si\u0119 w ka\u017cd\u0105 <strong>\u015brod\u0119 oraz pi\u0105tek <\/strong>o godzinie<strong> 17:00 <\/strong>w<strong> Kinoteatrze <\/strong>w Zawadzkiem.<\/p>\n<p>Zapisy: <strong>77 403 14 03<\/strong><\/p>\n<\/div><div class=\"fusion-clearfix\"><\/div>\n\n\t\t\t\t\t<\/div>\n\t\t\t\t<\/div><\/div><\/div><\/div><div id=\"sekcja-plastyczna\"><div class=\"fusion-fullwidth fullwidth-box nonhundred-percent-fullwidth non-hundred-percent-height-scrolling\"  style='background-color: rgba(255,255,255,0);background-position: center center;background-repeat: no-repeat;padding-top:0px;padding-right:0px;padding-bottom:0px;padding-left:0px;'><div class=\"fusion-builder-row fusion-row \"><div  class=\"fusion-layout-column fusion_builder_column fusion_builder_column_1_1 fusion-builder-column-6 fusion-one-full fusion-column-first fusion-column-last 1_1\"  style='margin-top:0px;margin-bottom:20px;'>\n\t\t\t\t\t<div class=\"fusion-column-wrapper\" style=\"padding: 0px 0px 0px 0px;background-position:left top;background-repeat:no-repeat;-webkit-background-size:cover;-moz-background-size:cover;-o-background-size:cover;background-size:cover;\"   data-bg-url=\"\">\n\t\t\t\t\t\t<div class=\"fusion-sep-clear\"><\/div><div class=\"fusion-separator sep-single sep-solid\" style=\"border-color:#ffffff;border-top-width:4px;margin-top:;margin-bottom:40px;width:100%;max-width:30px;\"><\/div><div class=\"fusion-title title fusion-title-6 fusion-sep-none fusion-title-center fusion-title-size-two\" style=\"margin-top:0px;margin-bottom:31px;\"><h2 class=\"title-heading-center\" style=\"margin:0;\"><strong>PONADTO<\/strong><\/h2><\/div><div class=\"fusion-sep-clear\"><\/div><div class=\"fusion-separator sep-single sep-solid\" style=\"border-color:#ffffff;border-top-width:4px;margin-top:;margin-bottom:40px;width:100%;max-width:30px;\"><\/div><div class=\"fusion-title title fusion-title-7 fusion-sep-none fusion-title-center fusion-title-size-two\" style=\"margin-top:0px;margin-bottom:31px;\"><h2 class=\"title-heading-center\" style=\"margin:0;\"><p><img loading=\"lazy\" decoding=\"async\" class=\"alignnone size-full wp-image-3633\" src=\"http:\/\/kultura.zawadzkie.pl\/wp-content\/uploads\/2025\/05\/HIP-HOP-e1747226337135.png\" alt=\"\" width=\"120\" height=\"103\" \/><\/p>\n<p>Zaj\u0119cia ta\u0144ca &#8222;Hip-Hop&#8221;<\/p><\/h2><\/div><div class=\"fusion-text\"><p>Opr\u00f3cz sta\u0142ych sekcji artystycznych dzia\u0142aj\u0105cych w strukturach BiK, w naszym Kinoteatrze odbywaj\u0105 si\u0119 r\u00f3wnie\u017c cykliczne <strong>zaj\u0119cia taneczno-ruchowe z elementami &#8222;Hip-Hop&#8221;.<\/strong> Zaj\u0119cia prowadzi utytu\u0142owany tancerz <strong>Daniel Fi\u0105czek<\/strong>.<\/p>\n<p>Zaj\u0119cia przeznaczone s\u0105 dla <strong>najm\u0142odszych dzieci w wieku od 4 do 7 lat <\/strong>i odbywaj\u0105 si\u0119 w ka\u017cd\u0105<strong>\u00a0\u015brod\u0119 <\/strong>o godzinie<strong> 17:00 <\/strong>w<strong> Kinoteatrze <\/strong>w Zawadzkiem.<\/p>\n<p>Informacje oraz zapisy: <strong>728 167 595<\/strong><\/p>\n<\/div><div class=\"fusion-clearfix\"><\/div>\n\n\t\t\t\t\t<\/div>\n\t\t\t\t<\/div><\/div><\/div><\/div><div id=\"sekcja-plastyczna\"><div class=\"fusion-fullwidth fullwidth-box nonhundred-percent-fullwidth non-hundred-percent-height-scrolling\"  style='background-color: rgba(255,255,255,0);background-position: center center;background-repeat: no-repeat;padding-top:0px;padding-right:0px;padding-bottom:0px;padding-left:0px;'><div class=\"fusion-builder-row fusion-row \"><div  class=\"fusion-layout-column fusion_builder_column fusion_builder_column_1_1 fusion-builder-column-7 fusion-one-full fusion-column-first fusion-column-last 1_1\"  style='margin-top:0px;margin-bottom:20px;'>\n\t\t\t\t\t<div class=\"fusion-column-wrapper\" style=\"border-top:1px solid #c9c9c9;padding: 30px 0px 0px 0px;background-position:left top;background-repeat:no-repeat;-webkit-background-size:cover;-moz-background-size:cover;-o-background-size:cover;background-size:cover;\"   data-bg-url=\"\">\n\t\t\t\t\t\t<div class=\"fusion-title title fusion-title-8 fusion-sep-none fusion-title-center fusion-title-size-two\" style=\"margin-top:0px;margin-bottom:31px;\"><h2 class=\"title-heading-center\" style=\"margin:0;\">Dokumenty do pobrania<\/h2><\/div><div class=\"fusion-content-boxes content-boxes columns row fusion-columns-1 fusion-columns-total-1 fusion-content-boxes-1 content-boxes-icon-on-top content-left margin-bottom\" data-animationOffset=\"100%\" style=\"margin-top:0px;margin-bottom:60px;\"><style type=\"text\/css\" scoped=\"scoped\">.fusion-content-boxes-1 .heading .content-box-heading {color:#000000;}\r\n\t\t\t\t\t.fusion-content-boxes-1 .fusion-content-box-hover .link-area-link-icon-hover .heading .content-box-heading,\r\n\t\t\t\t\t.fusion-content-boxes-1 .fusion-content-box-hover .link-area-link-icon-hover .heading .heading-link .content-box-heading,\r\n\t\t\t\t\t.fusion-content-boxes-1 .fusion-content-box-hover .link-area-box-hover .heading .content-box-heading,\r\n\t\t\t\t\t.fusion-content-boxes-1 .fusion-content-box-hover .link-area-box-hover .heading .heading-link .content-box-heading,\r\n\t\t\t\t\t.fusion-content-boxes-1 .fusion-content-box-hover .link-area-link-icon-hover.link-area-box .fusion-read-more,\r\n\t\t\t\t\t.fusion-content-boxes-1 .fusion-content-box-hover .link-area-link-icon-hover.link-area-box .fusion-read-more::after,\r\n\t\t\t\t\t.fusion-content-boxes-1 .fusion-content-box-hover .link-area-link-icon-hover.link-area-box .fusion-read-more::before,\r\n\t\t\t\t\t.fusion-content-boxes-1 .fusion-content-box-hover .fusion-read-more:hover:after,\r\n\t\t\t\t\t.fusion-content-boxes-1 .fusion-content-box-hover .fusion-read-more:hover:before,\r\n\t\t\t\t\t.fusion-content-boxes-1 .fusion-content-box-hover .fusion-read-more:hover,\r\n\t\t\t\t\t.fusion-content-boxes-1 .fusion-content-box-hover .link-area-box-hover.link-area-box .fusion-read-more,\r\n\t\t\t\t\t.fusion-content-boxes-1 .fusion-content-box-hover .link-area-box-hover.link-area-box .fusion-read-more::after,\r\n\t\t\t\t\t.fusion-content-boxes-1 .fusion-content-box-hover .link-area-box-hover.link-area-box .fusion-read-more::before,\r\n\t\t\t\t\t.fusion-content-boxes-1 .fusion-content-box-hover .link-area-link-icon-hover .icon .circle-no,\r\n\t\t\t\t\t.fusion-content-boxes-1 .heading .heading-link:hover .content-box-heading {\r\n\t\t\t\t\t\tcolor: #2e6390;\r\n\t\t\t\t\t}\r\n\t\t\t\t\t.fusion-content-boxes-1 .fusion-content-box-hover .link-area-box-hover .icon .circle-no {\r\n\t\t\t\t\t\tcolor: #2e6390 !important;\r\n\t\t\t\t\t}.fusion-content-boxes-1 .fusion-content-box-hover .link-area-box.link-area-box-hover .fusion-content-box-button {background: rgba(46,99,144,0.8);color: #ffffff;}.fusion-content-boxes-1 .fusion-content-box-hover .link-area-box.link-area-box-hover .fusion-content-box-button .fusion-button-text {color: #ffffff;}\r\n\t\t\t\t\t.fusion-content-boxes-1 .fusion-content-box-hover .link-area-link-icon-hover .heading .icon > span {\r\n\t\t\t\t\t\tbackground-color: #2e6390 !important;\r\n\t\t\t\t\t}\r\n\t\t\t\t\t.fusion-content-boxes-1 .fusion-content-box-hover .link-area-box-hover .heading .icon > span {\r\n\t\t\t\t\t\tborder-color: #2e6390 !important;\r\n\t\t\t\t\t}<\/style><div class=\"fusion-column content-box-column content-box-column content-box-column-1 col-lg-12 col-md-12 col-sm-12 fusion-content-box-hover  content-box-column-last\"><div class=\"col content-box-wrapper content-wrapper link-area-link-icon link-type-text icon-hover-animation-fade fusion-animated\" style=\"background-color:rgba(255,255,255,0);\" data-animationType=\"fadeInLeft\" data-animationDuration=\"0.3\" data-animationOffset=\"100%\"><div class=\"heading heading-with-icon icon-left\"><a class=\"heading-link\" href=\"http:\/\/kultura.zawadzkie.pl\/wp-content\/uploads\/2025\/05\/Regulamin-1.docx\" target=\"_blank\" rel=\"noopener noreferrer\"><div class=\"icon\"><i style=\"border-color:#333333;border-width:1px;background-color:#264881;box-sizing:content-box;height:42px;width:42px;line-height:42px;border-radius:50%;color:#ffffff;font-size:21px;\" class=\"fontawesome-icon fa-file-word far circle-yes\"><\/i><\/div><h2 class=\"content-box-heading\" style=\"font-size:18px;line-height:23px;\">Regulamin sekcji z deklaracj\u0105 uczestnictwa<\/h2><\/a><\/div><\/div><\/div><style type=\"text\/css\" scoped=\"scoped\">\r\n\t\t\t\t\t\t.fusion-content-boxes-1 .fusion-content-box-hover .heading-link:hover .icon i.circle-yes,\r\n\t\t\t\t\t\t.fusion-content-boxes-1 .fusion-content-box-hover .link-area-box:hover .heading-link .icon i.circle-yes,\r\n\t\t\t\t\t\t.fusion-content-boxes-1 .fusion-content-box-hover .link-area-link-icon-hover .heading .icon i.circle-yes,\r\n\t\t\t\t\t\t.fusion-content-boxes-1 .fusion-content-box-hover .link-area-box-hover .heading .icon i.circle-yes {\r\n\t\t\t\t\t\t\tbackground-color: #2e6390 !important;\r\n\t\t\t\t\t\t\tborder-color: #2e6390 !important;\r\n\t\t\t\t\t\t}<\/style><div class=\"fusion-clearfix\"><\/div><\/div><div class=\"fusion-clearfix\"><\/div>\n\n\t\t\t\t\t<\/div>\n\t\t\t\t<\/div><\/div><\/div><\/div><div id=\"sekcja-plastyczna\"><div class=\"fusion-fullwidth fullwidth-box nonhundred-percent-fullwidth non-hundred-percent-height-scrolling\"  style='background-color: rgba(255,255,255,0);background-position: center center;background-repeat: no-repeat;padding-top:0px;padding-right:0px;padding-bottom:0px;padding-left:0px;'><div class=\"fusion-builder-row fusion-row \"><div  class=\"fusion-layout-column fusion_builder_column fusion_builder_column_1_1 fusion-builder-column-8 fusion-one-full fusion-column-first fusion-column-last 1_1\"  style='margin-top:0px;margin-bottom:20px;'>\n\t\t\t\t\t<div class=\"fusion-column-wrapper\" style=\"border-top:1px solid #c9c9c9;padding: 30px 0px 0px 0px;background-position:left top;background-repeat:no-repeat;-webkit-background-size:cover;-moz-background-size:cover;-o-background-size:cover;background-size:cover;\"   data-bg-url=\"\">\n\t\t\t\t\t\t<div class=\"fusion-title title fusion-title-9 fusion-sep-none fusion-title-center fusion-title-size-two\" style=\"margin-top:0px;margin-bottom:31px;\"><h2 class=\"title-heading-center\" style=\"margin:0;\">Cennik<\/h2><\/div><div class=\"fusion-clearfix\"><\/div>\n\n\t\t\t\t\t<\/div>\n\t\t\t\t<\/div><div  class=\"fusion-layout-column fusion_builder_column fusion_builder_column_1_5 fusion-builder-column-9 fusion-one-fifth fusion-column-first 1_5\"  style='margin-top:0px;margin-bottom:20px;width:20%;width:calc(20% - ( ( 4% + 4% ) * 0.2 ) );margin-right: 4%;'>\n\t\t\t\t\t<div class=\"fusion-column-wrapper\" style=\"padding: 0px 0px 0px 0px;background-position:left top;background-repeat:no-repeat;-webkit-background-size:cover;-moz-background-size:cover;-o-background-size:cover;background-size:cover;\"   data-bg-url=\"\">\n\t\t\t\t\t\t<div class=\"fusion-clearfix\"><\/div>\n\n\t\t\t\t\t<\/div>\n\t\t\t\t<\/div><div  class=\"fusion-layout-column fusion_builder_column fusion_builder_column_3_5 fusion-builder-column-10 fusion-three-fifth 3_5\"  style='margin-top:0px;margin-bottom:20px;width:60%;width:calc(60% - ( ( 4% + 4% ) * 0.6 ) );margin-right: 4%;'>\n\t\t\t\t\t<div class=\"fusion-column-wrapper\" style=\"padding: 0px 0px 0px 0px;background-position:left top;background-repeat:no-repeat;-webkit-background-size:cover;-moz-background-size:cover;-o-background-size:cover;background-size:cover;\"   data-bg-url=\"\">\n\t\t\t\t\t\t\n<div>\n<table width=\"100%\">\n<thead>\n<tr>\n<th align=\"left\">\n<p style=\"font-weight: 400;\"><strong>Sekcja plastyczna<\/strong><\/p>\n<p style=\"font-weight: 400;\">2x 120 minut tygodniowo<\/p>\n<\/th>\n<th align=\"left\">\n<p style=\"font-weight: 400;\">30 z\u0142\/osoba\/miesi\u0105c<\/p>\n<\/th>\n<\/tr>\n<\/thead>\n<tbody>\n<tr>\n<td align=\"left\">\n<p style=\"font-weight: 400;\"><strong>Formacja taneczna &#8222;Show dance\u201d<\/strong><\/p>\n<p><span style=\"font-weight: 400;\">90 minut tygodniowo<\/span><\/td>\n<td align=\"left\">\n<p style=\"font-weight: 400;\">50 z\u0142\/osoba\/miesi\u0105c<\/p>\n<\/td>\n<\/tr>\n<tr>\n<td align=\"left\">\n<p style=\"font-weight: 400;\"><strong>Ognisko muzyczne &#8222;Melodikon&#8221; (nauka gry na instrumentach)<\/strong><\/p>\n<p style=\"font-weight: 400;\">30 minut\/tydzie\u0144<\/p>\n<p style=\"font-weight: 400;\">45 minut\/tydzie\u0144<\/p>\n<p style=\"font-weight: 400;\">60 minut\/tydzie\u0144<\/p>\n<\/td>\n<td align=\"left\">\n<p style=\"font-weight: 400;\">150 z\u0142\/osoba\/miesi\u0105c<\/p>\n<p style=\"font-weight: 400;\">180 z\u0142\/osoba\/miesi\u0105c<\/p>\n<p><span style=\"font-weight: 400;\">210 z\u0142\/osoba\/miesi\u0105c<\/span><\/td>\n<\/tr>\n<tr>\n<td align=\"left\">\n<p style=\"font-weight: 400;\"><strong>Sekcja szachowa<\/strong><\/p>\n<p style=\"font-weight: 400;\">2x 60 minut tygodniowo<\/p>\n<\/td>\n<td align=\"left\">\n<p style=\"font-weight: 400;\">40 z\u0142\/osoba\/miesi\u0105c<\/p>\n<\/td>\n<\/tr>\n<\/tbody>\n<\/table>\n<\/div>\n<div class=\"fusion-clearfix\"><\/div>\n\n\t\t\t\t\t<\/div>\n\t\t\t\t<\/div><div  class=\"fusion-layout-column fusion_builder_column fusion_builder_column_1_5 fusion-builder-column-11 fusion-one-fifth fusion-column-last 1_5\"  style='margin-top:0px;margin-bottom:20px;width:20%;width:calc(20% - ( ( 4% + 4% ) * 0.2 ) );'>\n\t\t\t\t\t<div class=\"fusion-column-wrapper\" style=\"padding: 0px 0px 0px 0px;background-position:left top;background-repeat:no-repeat;-webkit-background-size:cover;-moz-background-size:cover;-o-background-size:cover;background-size:cover;\"   data-bg-url=\"\">\n\t\t\t\t\t\t<div class=\"fusion-clearfix\"><\/div>\n\n\t\t\t\t\t<\/div>\n\t\t\t\t<\/div><\/div><\/div><\/div><\/p>\n","protected":false},"excerpt":{"rendered":"","protected":false},"author":1,"featured_media":0,"parent":0,"menu_order":0,"comment_status":"closed","ping_status":"closed","template":"100-width.php","meta":{"footnotes":""},"class_list":["post-90","page","type-page","status-publish","hentry"],"jetpack_sharing_enabled":true,"_links":{"self":[{"href":"https:\/\/kultura.zawadzkie.pl\/index.php\/wp-json\/wp\/v2\/pages\/90"}],"collection":[{"href":"https:\/\/kultura.zawadzkie.pl\/index.php\/wp-json\/wp\/v2\/pages"}],"about":[{"href":"https:\/\/kultura.zawadzkie.pl\/index.php\/wp-json\/wp\/v2\/types\/page"}],"author":[{"embeddable":true,"href":"https:\/\/kultura.zawadzkie.pl\/index.php\/wp-json\/wp\/v2\/users\/1"}],"replies":[{"embeddable":true,"href":"https:\/\/kultura.zawadzkie.pl\/index.php\/wp-json\/wp\/v2\/comments?post=90"}],"version-history":[{"count":60,"href":"https:\/\/kultura.zawadzkie.pl\/index.php\/wp-json\/wp\/v2\/pages\/90\/revisions"}],"predecessor-version":[{"id":3762,"href":"https:\/\/kultura.zawadzkie.pl\/index.php\/wp-json\/wp\/v2\/pages\/90\/revisions\/3762"}],"wp:attachment":[{"href":"https:\/\/kultura.zawadzkie.pl\/index.php\/wp-json\/wp\/v2\/media?parent=90"}],"curies":[{"name":"wp","href":"https:\/\/api.w.org\/{rel}","templated":true}]}}